{"id":2630,"date":"2025-02-04T12:22:30","date_gmt":"2025-02-04T11:22:30","guid":{"rendered":"https:\/\/torsaglobal.com\/solutions\/torsa-logistics\/"},"modified":"2025-07-31T12:42:10","modified_gmt":"2025-07-31T10:42:10","slug":"torsa-logistics","status":"publish","type":"page","link":"https:\/\/torsaglobal.com\/en\/solutions\/torsa-logistics\/","title":{"rendered":"Torsa Logistics"},"content":{"rendered":"\t\t<div data-elementor-type=\"wp-page\" data-elementor-id=\"2630\" class=\"elementor elementor-2630 elementor-541\" data-elementor-post-type=\"page\">\n\t\t\t\t<div class=\"elementor-element elementor-element-2b1a5c8 e-flex e-con-boxed e-con e-parent\" data-id=\"2b1a5c8\" data-element_type=\"container\" data-settings=\"{&quot;background_background&quot;:&quot;classic&quot;,&quot;jet_parallax_layout_list&quot;:[]}\">\n\t\t\t\t\t<div class=\"e-con-inner\">\n\t\t<div class=\"elementor-element elementor-element-f5c42ba e-con-full e-flex e-con e-child\" data-id=\"f5c42ba\" data-element_type=\"container\" data-settings=\"{&quot;jet_parallax_layout_list&quot;:[]}\">\n\t\t\t\t<div class=\"elementor-element elementor-element-9ab0a88 elementor-widget elementor-widget-image\" data-id=\"9ab0a88\" data-element_type=\"widget\" data-widget_type=\"image.default\">\n\t\t\t\t<div class=\"elementor-widget-container\">\n\t\t\t\t\t\t\t\t\t\t\t\t\t\t\t<img decoding=\"async\" width=\"68\" height=\"68\" src=\"https:\/\/torsaglobal.com\/wp-content\/uploads\/2025\/03\/neptune.svg\" class=\"attachment-full size-full wp-image-2288\" alt=\"\" \/>\t\t\t\t\t\t\t\t\t\t\t\t\t\t\t<\/div>\n\t\t\t\t<\/div>\n\t\t\t\t<div class=\"elementor-element elementor-element-88e33be elementor-align-left elementor-widget elementor-widget-breadcrumbs\" data-id=\"88e33be\" data-element_type=\"widget\" data-widget_type=\"breadcrumbs.default\">\n\t\t\t\t<div class=\"elementor-widget-container\">\n\t\t\t\t\t<p id=\"breadcrumbs\"><span><span><a href=\"https:\/\/torsaglobal.com\/en\/\">Home<\/a><\/span><\/span><\/p>\t\t\t\t<\/div>\n\t\t\t\t<\/div>\n\t\t\t\t<div class=\"elementor-element elementor-element-5a7f766 elementor-widget elementor-widget-heading\" data-id=\"5a7f766\" data-element_type=\"widget\" data-widget_type=\"heading.default\">\n\t\t\t\t<div class=\"elementor-widget-container\">\n\t\t\t\t\t<h1 class=\"elementor-heading-title elementor-size-default\">Torsa <b>Logistics<\/b><\/h1>\t\t\t\t<\/div>\n\t\t\t\t<\/div>\n\t\t\t\t<div class=\"elementor-element elementor-element-8892869 elementor-widget elementor-widget-text-editor\" data-id=\"8892869\" data-element_type=\"widget\" data-widget_type=\"text-editor.default\">\n\t\t\t\t<div class=\"elementor-widget-container\">\n\t\t\t\t\t\t\t\t\t<p>We implement technology to optimise order preparation and traceability. Our tools capture and store accurate data, integrating with management systems to ensure efficient, error-free logistics.<\/p>\n\t\t\t\t\t\t\t\t<\/div>\n\t\t\t\t<\/div>\n\t\t\t\t<\/div>\n\t\t<div class=\"elementor-element elementor-element-cfe2183 e-con-full e-flex e-con e-child\" data-id=\"cfe2183\" data-element_type=\"container\" data-settings=\"{&quot;jet_parallax_layout_list&quot;:[]}\">\n\t\t\t\t<div class=\"elementor-element elementor-element-bf890ff elementor-widget elementor-widget-image\" data-id=\"bf890ff\" data-element_type=\"widget\" data-widget_type=\"image.default\">\n\t\t\t\t<div class=\"elementor-widget-container\">\n\t\t\t\t\t\t\t\t\t\t\t\t\t\t\t<img fetchpriority=\"high\" decoding=\"async\" width=\"995\" height=\"663\" src=\"https:\/\/torsaglobal.com\/wp-content\/uploads\/2025\/02\/torsa-logistica.jpg\" class=\"attachment-full size-full wp-image-945\" alt=\"\" srcset=\"https:\/\/torsaglobal.com\/wp-content\/uploads\/2025\/02\/torsa-logistica.jpg 995w, https:\/\/torsaglobal.com\/wp-content\/uploads\/2025\/02\/torsa-logistica-300x200.jpg 300w, https:\/\/torsaglobal.com\/wp-content\/uploads\/2025\/02\/torsa-logistica-768x512.jpg 768w\" sizes=\"(max-width: 995px) 100vw, 995px\" \/>\t\t\t\t\t\t\t\t\t\t\t\t\t\t\t<\/div>\n\t\t\t\t<\/div>\n\t\t\t\t<\/div>\n\t\t\t\t\t<\/div>\n\t\t\t\t<\/div>\n\t\t<div class=\"elementor-element elementor-element-1d762ca e-flex e-con-boxed e-con e-parent\" data-id=\"1d762ca\" data-element_type=\"container\" data-settings=\"{&quot;jet_parallax_layout_list&quot;:[]}\">\n\t\t\t\t\t<div class=\"e-con-inner\">\n\t\t\t\t<div class=\"elementor-element elementor-element-7eb9e12 elementor-widget elementor-widget-heading\" data-id=\"7eb9e12\" data-element_type=\"widget\" data-widget_type=\"heading.default\">\n\t\t\t\t<div class=\"elementor-widget-container\">\n\t\t\t\t\t<h2 class=\"elementor-heading-title elementor-size-default\">Our solutions for <span class=\"destacado\">logistics<\/span><\/h2>\t\t\t\t<\/div>\n\t\t\t\t<\/div>\n\t\t\t\t\t<\/div>\n\t\t\t\t<\/div>\n\t\t<div class=\"elementor-element elementor-element-8106a47 e-flex e-con-boxed e-con e-parent\" data-id=\"8106a47\" data-element_type=\"container\" data-settings=\"{&quot;jet_parallax_layout_list&quot;:[]}\">\n\t\t\t\t\t<div class=\"e-con-inner\">\n\t\t\t\t<div class=\"elementor-element elementor-element-0cae929 elementor-widget elementor-widget-jet-listing-grid\" data-id=\"0cae929\" data-element_type=\"widget\" data-settings=\"{&quot;columns&quot;:&quot;2&quot;,&quot;columns_mobile&quot;:&quot;1&quot;}\" data-widget_type=\"jet-listing-grid.default\">\n\t\t\t\t<div class=\"elementor-widget-container\">\n\t\t\t\t\t<div class=\"jet-listing-grid jet-listing\"><div class=\"jet-listing-not-found jet-listing-grid__items\" data-nav=\"{&quot;enabled&quot;:true,&quot;type&quot;:&quot;scroll&quot;,&quot;more_el&quot;:null,&quot;query&quot;:{&quot;post_status&quot;:[&quot;publish&quot;],&quot;post_type&quot;:&quot;soluciones&quot;,&quot;posts_per_page&quot;:&quot;12&quot;,&quot;paged&quot;:&quot;1&quot;,&quot;ignore_sticky_posts&quot;:&quot;1&quot;,&quot;tax_query&quot;:[{&quot;taxonomy&quot;:&quot;categorias-soluciones&quot;,&quot;field&quot;:&quot;name&quot;,&quot;terms&quot;:[&quot;logistica&quot;],&quot;operator&quot;:&quot;IN&quot;}],&quot;order&quot;:&quot;ASC&quot;,&quot;orderby&quot;:&quot;date&quot;,&quot;suppress_filters&quot;:false,&quot;jet_smart_filters&quot;:&quot;jet-engine\\\/default&quot;,&quot;signature&quot;:&quot;469bcbe06fa5d7ff45e7d68a8a775ca1fbcf1a5d09859ab62be22eb3c1b5d9b0&quot;},&quot;widget_settings&quot;:{&quot;lisitng_id&quot;:301,&quot;posts_num&quot;:12,&quot;columns&quot;:2,&quot;columns_tablet&quot;:2,&quot;columns_mobile&quot;:1,&quot;column_min_width&quot;:240,&quot;column_min_width_tablet&quot;:240,&quot;column_min_width_mobile&quot;:240,&quot;inline_columns_css&quot;:false,&quot;is_archive_template&quot;:&quot;&quot;,&quot;post_status&quot;:[&quot;publish&quot;],&quot;use_random_posts_num&quot;:&quot;&quot;,&quot;max_posts_num&quot;:9,&quot;not_found_message&quot;:&quot;No results found&quot;,&quot;is_masonry&quot;:false,&quot;equal_columns_height&quot;:&quot;yes&quot;,&quot;use_load_more&quot;:&quot;yes&quot;,&quot;load_more_id&quot;:&quot;&quot;,&quot;load_more_type&quot;:&quot;scroll&quot;,&quot;load_more_offset&quot;:{&quot;unit&quot;:&quot;px&quot;,&quot;size&quot;:0,&quot;sizes&quot;:[]},&quot;use_custom_post_types&quot;:&quot;&quot;,&quot;custom_post_types&quot;:[],&quot;hide_widget_if&quot;:&quot;&quot;,&quot;carousel_enabled&quot;:&quot;&quot;,&quot;slides_to_scroll&quot;:&quot;1&quot;,&quot;arrows&quot;:&quot;true&quot;,&quot;arrow_icon&quot;:&quot;fa fa-angle-left&quot;,&quot;dots&quot;:&quot;&quot;,&quot;autoplay&quot;:&quot;true&quot;,&quot;pause_on_hover&quot;:&quot;true&quot;,&quot;autoplay_speed&quot;:5000,&quot;infinite&quot;:&quot;true&quot;,&quot;center_mode&quot;:&quot;&quot;,&quot;effect&quot;:&quot;slide&quot;,&quot;speed&quot;:500,&quot;inject_alternative_items&quot;:&quot;&quot;,&quot;injection_items&quot;:[],&quot;scroll_slider_enabled&quot;:&quot;&quot;,&quot;scroll_slider_on&quot;:[&quot;desktop&quot;,&quot;tablet&quot;,&quot;mobile&quot;],&quot;custom_query&quot;:false,&quot;custom_query_id&quot;:&quot;&quot;,&quot;_element_id&quot;:&quot;&quot;,&quot;collapse_first_last_gap&quot;:false,&quot;list_tag_selection&quot;:&quot;&quot;,&quot;list_items_wrapper_tag&quot;:&quot;div&quot;,&quot;list_item_tag&quot;:&quot;div&quot;,&quot;empty_items_wrapper_tag&quot;:&quot;div&quot;}}\" data-listing-source=\"posts\" data-listing-id=\"301\" data-query-id=\"\" data-queried-id=\"2630|WP_Post\">No results found<\/div><\/div>\t\t\t\t<\/div>\n\t\t\t\t<\/div>\n\t\t\t\t\t<\/div>\n\t\t\t\t<\/div>\n\t\t<div class=\"elementor-element elementor-element-f95d0a2 e-flex e-con-boxed e-con e-parent\" data-id=\"f95d0a2\" data-element_type=\"container\" data-settings=\"{&quot;jet_parallax_layout_list&quot;:[]}\">\n\t\t\t\t\t<div class=\"e-con-inner\">\n\t\t\t\t<div class=\"elementor-element elementor-element-c2fd0db elementor-widget__width-initial elementor-widget elementor-widget-heading\" data-id=\"c2fd0db\" data-element_type=\"widget\" data-widget_type=\"heading.default\">\n\t\t\t\t<div class=\"elementor-widget-container\">\n\t\t\t\t\t<h2 class=\"elementor-heading-title elementor-size-default\">Clients who <span class=\"destacado\">trust us<\/span><\/h2>\t\t\t\t<\/div>\n\t\t\t\t<\/div>\n\t\t\t\t\t<\/div>\n\t\t\t\t<\/div>\n\t\t<div class=\"elementor-element elementor-element-0db518f e-flex e-con-boxed e-con e-parent\" data-id=\"0db518f\" data-element_type=\"container\" data-settings=\"{&quot;jet_parallax_layout_list&quot;:[]}\">\n\t\t\t\t\t<div class=\"e-con-inner\">\n\t\t\t\t<div class=\"elementor-element elementor-element-065f457 elementor-pagination-position-outside elementor-widget elementor-widget-image-carousel\" data-id=\"065f457\" data-element_type=\"widget\" data-settings=\"{&quot;slides_to_show_mobile&quot;:&quot;1&quot;,&quot;navigation&quot;:&quot;dots&quot;,&quot;slides_to_show&quot;:&quot;5&quot;,&quot;image_spacing_custom&quot;:{&quot;unit&quot;:&quot;px&quot;,&quot;size&quot;:69,&quot;sizes&quot;:[]},&quot;autoplay&quot;:&quot;yes&quot;,&quot;pause_on_hover&quot;:&quot;yes&quot;,&quot;pause_on_interaction&quot;:&quot;yes&quot;,&quot;autoplay_speed&quot;:5000,&quot;infinite&quot;:&quot;yes&quot;,&quot;speed&quot;:500,&quot;image_spacing_custom_laptop&quot;:{&quot;unit&quot;:&quot;px&quot;,&quot;size&quot;:&quot;&quot;,&quot;sizes&quot;:[]},&quot;image_spacing_custom_tablet&quot;:{&quot;unit&quot;:&quot;px&quot;,&quot;size&quot;:&quot;&quot;,&quot;sizes&quot;:[]}}\" data-widget_type=\"image-carousel.default\">\n\t\t\t\t<div class=\"elementor-widget-container\">\n\t\t\t\t\t\t\t<div class=\"elementor-image-carousel-wrapper swiper\" role=\"region\" aria-roledescription=\"carousel\" aria-label=\"Carrusel de im\u00e1genes\" dir=\"ltr\">\n\t\t\t<div class=\"elementor-image-carousel swiper-wrapper\" aria-live=\"off\">\n\t\t\t\t\t\t\t\t<div class=\"swiper-slide\" role=\"group\" aria-roledescription=\"slide\" aria-label=\"1 of 8\"><figure class=\"swiper-slide-inner\"><img decoding=\"async\" class=\"swiper-slide-image\" src=\"https:\/\/torsaglobal.com\/wp-content\/uploads\/2024\/11\/12-octubre-logotipo.png\" alt=\"12-octubre-logotipo\" \/><\/figure><\/div><div class=\"swiper-slide\" role=\"group\" aria-roledescription=\"slide\" aria-label=\"2 of 8\"><figure class=\"swiper-slide-inner\"><img decoding=\"async\" class=\"swiper-slide-image\" src=\"https:\/\/torsaglobal.com\/wp-content\/uploads\/2024\/11\/alliance-logotipo.png\" alt=\"alliance-logotipo\" \/><\/figure><\/div><div class=\"swiper-slide\" role=\"group\" aria-roledescription=\"slide\" aria-label=\"3 of 8\"><figure class=\"swiper-slide-inner\"><img decoding=\"async\" class=\"swiper-slide-image\" src=\"https:\/\/torsaglobal.com\/wp-content\/uploads\/2024\/11\/bida-logotipo.png\" alt=\"bida-logotipo\" \/><\/figure><\/div><div class=\"swiper-slide\" role=\"group\" aria-roledescription=\"slide\" aria-label=\"4 of 8\"><figure class=\"swiper-slide-inner\"><img decoding=\"async\" class=\"swiper-slide-image\" src=\"https:\/\/torsaglobal.com\/wp-content\/uploads\/2025\/05\/Logo-Cominport-Torsa-web-1.png\" alt=\"Logo Cominport Torsa web\" \/><\/figure><\/div><div class=\"swiper-slide\" role=\"group\" aria-roledescription=\"slide\" aria-label=\"5 of 8\"><figure class=\"swiper-slide-inner\"><img decoding=\"async\" class=\"swiper-slide-image\" src=\"https:\/\/torsaglobal.com\/wp-content\/uploads\/2025\/05\/Barker-logo-torsa-1.png\" alt=\"Barker-logo-torsa\" \/><\/figure><\/div><div class=\"swiper-slide\" role=\"group\" aria-roledescription=\"slide\" aria-label=\"6 of 8\"><figure class=\"swiper-slide-inner\"><img decoding=\"async\" class=\"swiper-slide-image\" src=\"https:\/\/torsaglobal.com\/wp-content\/uploads\/2025\/04\/Cofarca_logo_Torsaweb.png\" alt=\"Cofarca_logo_Torsaweb\" \/><\/figure><\/div><div class=\"swiper-slide\" role=\"group\" aria-roledescription=\"slide\" aria-label=\"7 of 8\"><figure class=\"swiper-slide-inner\"><img decoding=\"async\" class=\"swiper-slide-image\" src=\"https:\/\/torsaglobal.com\/wp-content\/uploads\/2025\/07\/DFG-Logo-Transparente-TORSA.png\" alt=\"DFG-Logo-Transparente-TORSA\" \/><\/figure><\/div><div class=\"swiper-slide\" role=\"group\" aria-roledescription=\"slide\" aria-label=\"8 of 8\"><figure class=\"swiper-slide-inner\"><img decoding=\"async\" class=\"swiper-slide-image\" src=\"https:\/\/torsaglobal.com\/wp-content\/uploads\/2024\/11\/logifarma-logotipo.png\" alt=\"logifarma-logotipo\" \/><\/figure><\/div>\t\t\t<\/div>\n\t\t\t\t\t\t\t\n\t\t\t\t\t\t\t\t\t<div class=\"swiper-pagination\"><\/div>\n\t\t\t\t\t\t\t\t\t<\/div>\n\t\t\t\t\t\t<\/div>\n\t\t\t\t<\/div>\n\t\t\t\t\t<\/div>\n\t\t\t\t<\/div>\n\t\t\t\t<\/div>\n\t\t","protected":false},"excerpt":{"rendered":"<p>Torsa Logistics We implement technology to optimise order preparation and traceability. Our tools capture and store accurate data, integrating with management systems to ensure efficient, error-free logistics. Our solutions for logistics How much time does your logistics company waste managing claims? In today\u2019s logistics environment, handling claims quickly and efficiently is more than an operational [&hellip;]<\/p>\n","protected":false},"author":1,"featured_media":0,"parent":2612,"menu_order":0,"comment_status":"closed","ping_status":"closed","template":"","meta":{"footnotes":""},"class_list":["post-2630","page","type-page","status-publish","hentry"],"yoast_head":"<!-- This site is optimized with the Yoast SEO plugin v26.7 - https:\/\/yoast.com\/wordpress\/plugins\/seo\/ -->\n<title>Technological solutions for logistics \u2013 TORSA: savings and efficiency<\/title>\n<meta name=\"description\" content=\"Discover how TORSA improves traceability and reduces response time to logistics incidents through efficient technological solutions.\" \/>\n<meta name=\"robots\" content=\"index, follow, max-snippet:-1, max-image-preview:large, max-video-preview:-1\" \/>\n<link rel=\"canonical\" href=\"https:\/\/torsaglobal.com\/en\/solutions\/torsa-logistics\/\" \/>\n<meta property=\"og:locale\" content=\"en_US\" \/>\n<meta property=\"og:type\" content=\"article\" \/>\n<meta property=\"og:title\" content=\"Technological solutions for logistics \u2013 TORSA: savings and efficiency\" \/>\n<meta property=\"og:description\" content=\"Discover how TORSA improves traceability and reduces response time to logistics incidents through efficient technological solutions.\" \/>\n<meta property=\"og:url\" content=\"https:\/\/torsaglobal.com\/en\/solutions\/torsa-logistics\/\" \/>\n<meta property=\"og:site_name\" content=\"Torsa\" \/>\n<meta property=\"article:modified_time\" content=\"2025-07-31T10:42:10+00:00\" \/>\n<meta property=\"og:image\" content=\"https:\/\/torsaglobal.com\/wp-content\/uploads\/2025\/02\/imagen-torsa-1200.jpg\" \/>\n\t<meta property=\"og:image:width\" content=\"1200\" \/>\n\t<meta property=\"og:image:height\" content=\"675\" \/>\n\t<meta property=\"og:image:type\" content=\"image\/jpeg\" \/>\n<meta name=\"twitter:card\" content=\"summary_large_image\" \/>\n<meta name=\"twitter:label1\" content=\"Est. reading time\" \/>\n\t<meta name=\"twitter:data1\" content=\"5 minutes\" \/>\n<script type=\"application\/ld+json\" class=\"yoast-schema-graph\">{\"@context\":\"https:\/\/schema.org\",\"@graph\":[{\"@type\":\"WebPage\",\"@id\":\"https:\/\/torsaglobal.com\/en\/solutions\/torsa-logistics\/\",\"url\":\"https:\/\/torsaglobal.com\/en\/solutions\/torsa-logistics\/\",\"name\":\"Technological solutions for logistics \u2013 TORSA: savings and efficiency\",\"isPartOf\":{\"@id\":\"https:\/\/torsaglobal.com\/en\/#website\"},\"primaryImageOfPage\":{\"@id\":\"https:\/\/torsaglobal.com\/en\/solutions\/torsa-logistics\/#primaryimage\"},\"image\":{\"@id\":\"https:\/\/torsaglobal.com\/en\/solutions\/torsa-logistics\/#primaryimage\"},\"thumbnailUrl\":\"https:\/\/torsaglobal.com\/wp-content\/uploads\/2025\/03\/neptune.svg\",\"datePublished\":\"2025-02-04T11:22:30+00:00\",\"dateModified\":\"2025-07-31T10:42:10+00:00\",\"description\":\"Discover how TORSA improves traceability and reduces response time to logistics incidents through efficient technological solutions.\",\"breadcrumb\":{\"@id\":\"https:\/\/torsaglobal.com\/en\/solutions\/torsa-logistics\/#breadcrumb\"},\"inLanguage\":\"en-US\",\"potentialAction\":[{\"@type\":\"ReadAction\",\"target\":[\"https:\/\/torsaglobal.com\/en\/solutions\/torsa-logistics\/\"]}]},{\"@type\":\"ImageObject\",\"inLanguage\":\"en-US\",\"@id\":\"https:\/\/torsaglobal.com\/en\/solutions\/torsa-logistics\/#primaryimage\",\"url\":\"https:\/\/torsaglobal.com\/wp-content\/uploads\/2025\/03\/neptune.svg\",\"contentUrl\":\"https:\/\/torsaglobal.com\/wp-content\/uploads\/2025\/03\/neptune.svg\"},{\"@type\":\"BreadcrumbList\",\"@id\":\"https:\/\/torsaglobal.com\/en\/solutions\/torsa-logistics\/#breadcrumb\",\"itemListElement\":[{\"@type\":\"ListItem\",\"position\":1,\"name\":\"Home\",\"item\":\"https:\/\/torsaglobal.com\/en\/\"},{\"@type\":\"ListItem\",\"position\":2,\"name\":\"Solutions\",\"item\":\"https:\/\/torsaglobal.com\/en\/soluciones\/\"},{\"@type\":\"ListItem\",\"position\":3,\"name\":\"Torsa Logistics\"}]},{\"@type\":\"WebSite\",\"@id\":\"https:\/\/torsaglobal.com\/en\/#website\",\"url\":\"https:\/\/torsaglobal.com\/en\/\",\"name\":\"Torsa\",\"description\":\"Miner\u00eda, log\u00edstica y energ\u00edas renovables\",\"publisher\":{\"@id\":\"https:\/\/torsaglobal.com\/en\/#organization\"},\"potentialAction\":[{\"@type\":\"SearchAction\",\"target\":{\"@type\":\"EntryPoint\",\"urlTemplate\":\"https:\/\/torsaglobal.com\/en\/?s={search_term_string}\"},\"query-input\":{\"@type\":\"PropertyValueSpecification\",\"valueRequired\":true,\"valueName\":\"search_term_string\"}}],\"inLanguage\":\"en-US\"},{\"@type\":\"Organization\",\"@id\":\"https:\/\/torsaglobal.com\/en\/#organization\",\"name\":\"Torsa\",\"url\":\"https:\/\/torsaglobal.com\/en\/\",\"logo\":{\"@type\":\"ImageObject\",\"inLanguage\":\"en-US\",\"@id\":\"https:\/\/torsaglobal.com\/en\/#\/schema\/logo\/image\/\",\"url\":\"https:\/\/torsaglobal.com\/wp-content\/uploads\/2025\/02\/imagen-torsa-696.jpg\",\"contentUrl\":\"https:\/\/torsaglobal.com\/wp-content\/uploads\/2025\/02\/imagen-torsa-696.jpg\",\"width\":696,\"height\":696,\"caption\":\"Torsa\"},\"image\":{\"@id\":\"https:\/\/torsaglobal.com\/en\/#\/schema\/logo\/image\/\"}}]}<\/script>\n<!-- \/ Yoast SEO plugin. -->","yoast_head_json":{"title":"Technological solutions for logistics \u2013 TORSA: savings and efficiency","description":"Discover how TORSA improves traceability and reduces response time to logistics incidents through efficient technological solutions.","robots":{"index":"index","follow":"follow","max-snippet":"max-snippet:-1","max-image-preview":"max-image-preview:large","max-video-preview":"max-video-preview:-1"},"canonical":"https:\/\/torsaglobal.com\/en\/solutions\/torsa-logistics\/","og_locale":"en_US","og_type":"article","og_title":"Technological solutions for logistics \u2013 TORSA: savings and efficiency","og_description":"Discover how TORSA improves traceability and reduces response time to logistics incidents through efficient technological solutions.","og_url":"https:\/\/torsaglobal.com\/en\/solutions\/torsa-logistics\/","og_site_name":"Torsa","article_modified_time":"2025-07-31T10:42:10+00:00","og_image":[{"width":1200,"height":675,"url":"https:\/\/torsaglobal.com\/wp-content\/uploads\/2025\/02\/imagen-torsa-1200.jpg","type":"image\/jpeg"}],"twitter_card":"summary_large_image","twitter_misc":{"Est. reading time":"5 minutes"},"schema":{"@context":"https:\/\/schema.org","@graph":[{"@type":"WebPage","@id":"https:\/\/torsaglobal.com\/en\/solutions\/torsa-logistics\/","url":"https:\/\/torsaglobal.com\/en\/solutions\/torsa-logistics\/","name":"Technological solutions for logistics \u2013 TORSA: savings and efficiency","isPartOf":{"@id":"https:\/\/torsaglobal.com\/en\/#website"},"primaryImageOfPage":{"@id":"https:\/\/torsaglobal.com\/en\/solutions\/torsa-logistics\/#primaryimage"},"image":{"@id":"https:\/\/torsaglobal.com\/en\/solutions\/torsa-logistics\/#primaryimage"},"thumbnailUrl":"https:\/\/torsaglobal.com\/wp-content\/uploads\/2025\/03\/neptune.svg","datePublished":"2025-02-04T11:22:30+00:00","dateModified":"2025-07-31T10:42:10+00:00","description":"Discover how TORSA improves traceability and reduces response time to logistics incidents through efficient technological solutions.","breadcrumb":{"@id":"https:\/\/torsaglobal.com\/en\/solutions\/torsa-logistics\/#breadcrumb"},"inLanguage":"en-US","potentialAction":[{"@type":"ReadAction","target":["https:\/\/torsaglobal.com\/en\/solutions\/torsa-logistics\/"]}]},{"@type":"ImageObject","inLanguage":"en-US","@id":"https:\/\/torsaglobal.com\/en\/solutions\/torsa-logistics\/#primaryimage","url":"https:\/\/torsaglobal.com\/wp-content\/uploads\/2025\/03\/neptune.svg","contentUrl":"https:\/\/torsaglobal.com\/wp-content\/uploads\/2025\/03\/neptune.svg"},{"@type":"BreadcrumbList","@id":"https:\/\/torsaglobal.com\/en\/solutions\/torsa-logistics\/#breadcrumb","itemListElement":[{"@type":"ListItem","position":1,"name":"Home","item":"https:\/\/torsaglobal.com\/en\/"},{"@type":"ListItem","position":2,"name":"Solutions","item":"https:\/\/torsaglobal.com\/en\/soluciones\/"},{"@type":"ListItem","position":3,"name":"Torsa Logistics"}]},{"@type":"WebSite","@id":"https:\/\/torsaglobal.com\/en\/#website","url":"https:\/\/torsaglobal.com\/en\/","name":"Torsa","description":"Miner\u00eda, log\u00edstica y energ\u00edas renovables","publisher":{"@id":"https:\/\/torsaglobal.com\/en\/#organization"},"potentialAction":[{"@type":"SearchAction","target":{"@type":"EntryPoint","urlTemplate":"https:\/\/torsaglobal.com\/en\/?s={search_term_string}"},"query-input":{"@type":"PropertyValueSpecification","valueRequired":true,"valueName":"search_term_string"}}],"inLanguage":"en-US"},{"@type":"Organization","@id":"https:\/\/torsaglobal.com\/en\/#organization","name":"Torsa","url":"https:\/\/torsaglobal.com\/en\/","logo":{"@type":"ImageObject","inLanguage":"en-US","@id":"https:\/\/torsaglobal.com\/en\/#\/schema\/logo\/image\/","url":"https:\/\/torsaglobal.com\/wp-content\/uploads\/2025\/02\/imagen-torsa-696.jpg","contentUrl":"https:\/\/torsaglobal.com\/wp-content\/uploads\/2025\/02\/imagen-torsa-696.jpg","width":696,"height":696,"caption":"Torsa"},"image":{"@id":"https:\/\/torsaglobal.com\/en\/#\/schema\/logo\/image\/"}}]}},"_links":{"self":[{"href":"https:\/\/torsaglobal.com\/en\/wp-json\/wp\/v2\/pages\/2630","targetHints":{"allow":["GET"]}}],"collection":[{"href":"https:\/\/torsaglobal.com\/en\/wp-json\/wp\/v2\/pages"}],"about":[{"href":"https:\/\/torsaglobal.com\/en\/wp-json\/wp\/v2\/types\/page"}],"author":[{"embeddable":true,"href":"https:\/\/torsaglobal.com\/en\/wp-json\/wp\/v2\/users\/1"}],"replies":[{"embeddable":true,"href":"https:\/\/torsaglobal.com\/en\/wp-json\/wp\/v2\/comments?post=2630"}],"version-history":[{"count":14,"href":"https:\/\/torsaglobal.com\/en\/wp-json\/wp\/v2\/pages\/2630\/revisions"}],"predecessor-version":[{"id":3956,"href":"https:\/\/torsaglobal.com\/en\/wp-json\/wp\/v2\/pages\/2630\/revisions\/3956"}],"up":[{"embeddable":true,"href":"https:\/\/torsaglobal.com\/en\/wp-json\/wp\/v2\/pages\/2612"}],"wp:attachment":[{"href":"https:\/\/torsaglobal.com\/en\/wp-json\/wp\/v2\/media?parent=2630"}],"curies":[{"name":"wp","href":"https:\/\/api.w.org\/{rel}","templated":true}]}}