{"id":2661,"date":"2025-02-05T12:03:25","date_gmt":"2025-02-05T11:03:25","guid":{"rendered":"https:\/\/torsaglobal.com\/success-stories\/"},"modified":"2025-04-29T09:48:32","modified_gmt":"2025-04-29T07:48:32","slug":"success-stories","status":"publish","type":"page","link":"https:\/\/torsaglobal.com\/en\/success-stories\/","title":{"rendered":"Success stories"},"content":{"rendered":"\t\t<div data-elementor-type=\"wp-page\" data-elementor-id=\"2661\" class=\"elementor elementor-2661 elementor-635\" data-elementor-post-type=\"page\">\n\t\t\t\t<div class=\"elementor-element elementor-element-1be7317 e-flex e-con-boxed e-con e-parent\" data-id=\"1be7317\" data-element_type=\"container\" data-settings=\"{&quot;background_background&quot;:&quot;classic&quot;,&quot;jet_parallax_layout_list&quot;:[]}\">\n\t\t\t\t\t<div class=\"e-con-inner\">\n\t\t\t\t<div class=\"elementor-element elementor-element-6229315 elementor-widget__width-initial elementor-widget elementor-widget-heading\" data-id=\"6229315\" data-element_type=\"widget\" data-widget_type=\"heading.default\">\n\t\t\t\t<div class=\"elementor-widget-container\">\n\t\t\t\t\t<h2 class=\"elementor-heading-title elementor-size-default\"><span class=\"destacado\">Success<\/span> stories<\/h2>\t\t\t\t<\/div>\n\t\t\t\t<\/div>\n\t\t\t\t<div class=\"elementor-element elementor-element-15d2d36 elementor-widget__width-initial elementor-widget-mobile__width-inherit elementor-widget elementor-widget-text-editor\" data-id=\"15d2d36\" data-element_type=\"widget\" data-widget_type=\"text-editor.default\">\n\t\t\t\t<div class=\"elementor-widget-container\">\n\t\t\t\t\t\t\t\t\t<p>Numerous national and international projects, endorsed by public institutions and backed by private enterprise, confirm the profitability and effectiveness of <strong>TORSA\u2019s<\/strong> technological solutions across the industries we serve.<\/p>\n\t\t\t\t\t\t\t\t<\/div>\n\t\t\t\t<\/div>\n\t\t\t\t\t<\/div>\n\t\t\t\t<\/div>\n\t\t<div class=\"elementor-element elementor-element-e6a97fe e-flex e-con-boxed e-con e-parent\" data-id=\"e6a97fe\" data-element_type=\"container\" data-settings=\"{&quot;jet_parallax_layout_list&quot;:[]}\">\n\t\t\t\t\t<div class=\"e-con-inner\">\n\t\t<div class=\"elementor-element elementor-element-b03b7af e-con-full e-flex e-con e-child\" data-id=\"b03b7af\" data-element_type=\"container\" data-settings=\"{&quot;jet_parallax_layout_list&quot;:[]}\">\n\t\t\t\t<div class=\"elementor-element elementor-element-0d3e57e elementor-position-top elementor-widget elementor-widget-image-box\" data-id=\"0d3e57e\" data-element_type=\"widget\" data-widget_type=\"image-box.default\">\n\t\t\t\t<div class=\"elementor-widget-container\">\n\t\t\t\t\t<div class=\"elementor-image-box-wrapper\"><figure class=\"elementor-image-box-img\"><img fetchpriority=\"high\" decoding=\"async\" width=\"995\" height=\"663\" src=\"https:\/\/torsaglobal.com\/wp-content\/uploads\/2024\/12\/torsa-renovables.jpg\" class=\"attachment-full size-full wp-image-406\" alt=\"\" srcset=\"https:\/\/torsaglobal.com\/wp-content\/uploads\/2024\/12\/torsa-renovables.jpg 995w, https:\/\/torsaglobal.com\/wp-content\/uploads\/2024\/12\/torsa-renovables-300x200.jpg 300w, https:\/\/torsaglobal.com\/wp-content\/uploads\/2024\/12\/torsa-renovables-768x512.jpg 768w\" sizes=\"(max-width: 995px) 100vw, 995px\" \/><\/figure><div class=\"elementor-image-box-content\"><h3 class=\"elementor-image-box-title\">Renewables<\/h3><p class=\"elementor-image-box-description\">As part of its commitment to the environment and the fight against climate change, TORSA designs and develops wind and solar farm projects both nationally and internationally.<\/p><\/div><\/div>\t\t\t\t<\/div>\n\t\t\t\t<\/div>\n\t\t\t\t<div class=\"elementor-element elementor-element-0d587fa elementor-align-left elementor-mobile-align-justify elementor-widget elementor-widget-button\" data-id=\"0d587fa\" data-element_type=\"widget\" data-widget_type=\"button.default\">\n\t\t\t\t<div class=\"elementor-widget-container\">\n\t\t\t\t\t\t\t\t\t<div class=\"elementor-button-wrapper\">\n\t\t\t\t\t<a class=\"elementor-button elementor-button-link elementor-size-sm\" href=\"https:\/\/torsaglobal.com\/en\/success-stories\/renewables\/\">\n\t\t\t\t\t\t<span class=\"elementor-button-content-wrapper\">\n\t\t\t\t\t\t\t\t\t<span class=\"elementor-button-text\">View projects<\/span>\n\t\t\t\t\t<\/span>\n\t\t\t\t\t<\/a>\n\t\t\t\t<\/div>\n\t\t\t\t\t\t\t\t<\/div>\n\t\t\t\t<\/div>\n\t\t\t\t<\/div>\n\t\t<div class=\"elementor-element elementor-element-701b884 e-con-full e-flex e-con e-child\" data-id=\"701b884\" data-element_type=\"container\" data-settings=\"{&quot;jet_parallax_layout_list&quot;:[]}\">\n\t\t\t\t<div class=\"elementor-element elementor-element-ac6c47a elementor-position-top elementor-widget elementor-widget-image-box\" data-id=\"ac6c47a\" data-element_type=\"widget\" data-widget_type=\"image-box.default\">\n\t\t\t\t<div class=\"elementor-widget-container\">\n\t\t\t\t\t<div class=\"elementor-image-box-wrapper\"><figure class=\"elementor-image-box-img\"><img decoding=\"async\" width=\"995\" height=\"663\" src=\"https:\/\/torsaglobal.com\/wp-content\/uploads\/2024\/12\/torsa-health.jpg\" class=\"attachment-full size-full wp-image-366\" alt=\"\" srcset=\"https:\/\/torsaglobal.com\/wp-content\/uploads\/2024\/12\/torsa-health.jpg 995w, https:\/\/torsaglobal.com\/wp-content\/uploads\/2024\/12\/torsa-health-300x200.jpg 300w, https:\/\/torsaglobal.com\/wp-content\/uploads\/2024\/12\/torsa-health-768x512.jpg 768w\" sizes=\"(max-width: 995px) 100vw, 995px\" \/><\/figure><div class=\"elementor-image-box-content\"><h3 class=\"elementor-image-box-title\">Torsa Health<\/h3><p class=\"elementor-image-box-description\">We specialise in the development of technological solutions aimed at reducing errors and increasing traceability in order preparation. In addition, we offer solutions that ensure cold chain traceability and enable route analysis.<\/p><\/div><\/div>\t\t\t\t<\/div>\n\t\t\t\t<\/div>\n\t\t\t\t<div class=\"elementor-element elementor-element-9548d02 elementor-align-left elementor-mobile-align-justify elementor-widget elementor-widget-button\" data-id=\"9548d02\" data-element_type=\"widget\" data-widget_type=\"button.default\">\n\t\t\t\t<div class=\"elementor-widget-container\">\n\t\t\t\t\t\t\t\t\t<div class=\"elementor-button-wrapper\">\n\t\t\t\t\t<a class=\"elementor-button elementor-button-link elementor-size-sm\" href=\"https:\/\/torsaglobal.com\/en\/success-stories\/success-stories-torsa-health\/\">\n\t\t\t\t\t\t<span class=\"elementor-button-content-wrapper\">\n\t\t\t\t\t\t\t\t\t<span class=\"elementor-button-text\">View projects<\/span>\n\t\t\t\t\t<\/span>\n\t\t\t\t\t<\/a>\n\t\t\t\t<\/div>\n\t\t\t\t\t\t\t\t<\/div>\n\t\t\t\t<\/div>\n\t\t\t\t<\/div>\n\t\t<div class=\"elementor-element elementor-element-0d6d453 e-con-full e-flex e-con e-child\" data-id=\"0d6d453\" data-element_type=\"container\" data-settings=\"{&quot;jet_parallax_layout_list&quot;:[]}\">\n\t\t\t\t<div class=\"elementor-element elementor-element-438bdd9 elementor-position-top elementor-widget elementor-widget-image-box\" data-id=\"438bdd9\" data-element_type=\"widget\" data-widget_type=\"image-box.default\">\n\t\t\t\t<div class=\"elementor-widget-container\">\n\t\t\t\t\t<div class=\"elementor-image-box-wrapper\"><figure class=\"elementor-image-box-img\"><img decoding=\"async\" width=\"995\" height=\"663\" src=\"https:\/\/torsaglobal.com\/wp-content\/uploads\/2025\/02\/sistema-anticolision-mining.jpg\" class=\"attachment-full size-full wp-image-531\" alt=\"\" srcset=\"https:\/\/torsaglobal.com\/wp-content\/uploads\/2025\/02\/sistema-anticolision-mining.jpg 995w, https:\/\/torsaglobal.com\/wp-content\/uploads\/2025\/02\/sistema-anticolision-mining-300x200.jpg 300w, https:\/\/torsaglobal.com\/wp-content\/uploads\/2025\/02\/sistema-anticolision-mining-768x512.jpg 768w\" sizes=\"(max-width: 995px) 100vw, 995px\" \/><\/figure><div class=\"elementor-image-box-content\"><h3 class=\"elementor-image-box-title\">Torsa Mining<\/h3><p class=\"elementor-image-box-description\">Our high-level technological solutions for heavy industry have received international awards. We specialise in developing products that address everyday, common challenges in sectors such as mining and civil works.<\/p><\/div><\/div>\t\t\t\t<\/div>\n\t\t\t\t<\/div>\n\t\t\t\t<div class=\"elementor-element elementor-element-4a8a64d elementor-align-left elementor-mobile-align-justify elementor-widget elementor-widget-button\" data-id=\"4a8a64d\" data-element_type=\"widget\" data-widget_type=\"button.default\">\n\t\t\t\t<div class=\"elementor-widget-container\">\n\t\t\t\t\t\t\t\t\t<div class=\"elementor-button-wrapper\">\n\t\t\t\t\t<a class=\"elementor-button elementor-button-link elementor-size-sm\" href=\"https:\/\/torsaglobal.com\/en\/success-stories\/success-stories-torsa-mining\/\">\n\t\t\t\t\t\t<span class=\"elementor-button-content-wrapper\">\n\t\t\t\t\t\t\t\t\t<span class=\"elementor-button-text\">View projects<\/span>\n\t\t\t\t\t<\/span>\n\t\t\t\t\t<\/a>\n\t\t\t\t<\/div>\n\t\t\t\t\t\t\t\t<\/div>\n\t\t\t\t<\/div>\n\t\t\t\t<\/div>\n\t\t<div class=\"elementor-element elementor-element-8147d1b e-con-full e-flex e-con e-child\" data-id=\"8147d1b\" data-element_type=\"container\" data-settings=\"{&quot;jet_parallax_layout_list&quot;:[]}\">\n\t\t\t\t<div class=\"elementor-element elementor-element-2758a1f elementor-position-top elementor-widget elementor-widget-image-box\" data-id=\"2758a1f\" data-element_type=\"widget\" data-widget_type=\"image-box.default\">\n\t\t\t\t<div class=\"elementor-widget-container\">\n\t\t\t\t\t<div class=\"elementor-image-box-wrapper\"><figure class=\"elementor-image-box-img\"><img loading=\"lazy\" decoding=\"async\" width=\"995\" height=\"663\" src=\"https:\/\/torsaglobal.com\/wp-content\/uploads\/2025\/02\/plataforma-logistica.jpg\" class=\"attachment-full size-full wp-image-523\" alt=\"\" srcset=\"https:\/\/torsaglobal.com\/wp-content\/uploads\/2025\/02\/plataforma-logistica.jpg 995w, https:\/\/torsaglobal.com\/wp-content\/uploads\/2025\/02\/plataforma-logistica-300x200.jpg 300w, https:\/\/torsaglobal.com\/wp-content\/uploads\/2025\/02\/plataforma-logistica-768x512.jpg 768w\" sizes=\"(max-width: 995px) 100vw, 995px\" \/><\/figure><div class=\"elementor-image-box-content\"><h3 class=\"elementor-image-box-title\">Logistics<\/h3><p class=\"elementor-image-box-description\">We implement technological solutions to optimise order preparation and traceability.Our tools capture and store accurate data, integrating with management systems to ensure efficient, error-free logistics.<\/p><\/div><\/div>\t\t\t\t<\/div>\n\t\t\t\t<\/div>\n\t\t\t\t<div class=\"elementor-element elementor-element-0c6fbd5 elementor-align-left elementor-mobile-align-justify elementor-widget elementor-widget-button\" data-id=\"0c6fbd5\" data-element_type=\"widget\" data-widget_type=\"button.default\">\n\t\t\t\t<div class=\"elementor-widget-container\">\n\t\t\t\t\t\t\t\t\t<div class=\"elementor-button-wrapper\">\n\t\t\t\t\t<a class=\"elementor-button elementor-button-link elementor-size-sm\" href=\"https:\/\/torsaglobal.com\/en\/success-stories\/logistics\/\">\n\t\t\t\t\t\t<span class=\"elementor-button-content-wrapper\">\n\t\t\t\t\t\t\t\t\t<span class=\"elementor-button-text\">View projects<\/span>\n\t\t\t\t\t<\/span>\n\t\t\t\t\t<\/a>\n\t\t\t\t<\/div>\n\t\t\t\t\t\t\t\t<\/div>\n\t\t\t\t<\/div>\n\t\t\t\t<\/div>\n\t\t\t\t\t<\/div>\n\t\t\t\t<\/div>\n\t\t\t\t<\/div>\n\t\t","protected":false},"excerpt":{"rendered":"<p>Success stories Numerous national and international projects, endorsed by public institutions and backed by private enterprise, confirm the profitability and effectiveness of TORSA\u2019s technological solutions across the industries we serve. Renewables As part of its commitment to the environment and the fight against climate change, TORSA designs and develops wind and solar farm projects both [&hellip;]<\/p>\n","protected":false},"author":1,"featured_media":0,"parent":0,"menu_order":0,"comment_status":"closed","ping_status":"closed","template":"","meta":{"footnotes":""},"class_list":["post-2661","page","type-page","status-publish","hentry"],"yoast_head":"<!-- This site is optimized with the Yoast SEO plugin v26.7 - https:\/\/yoast.com\/wordpress\/plugins\/seo\/ -->\n<title>TORSA success stories in mining, logistics, and renewables<\/title>\n<meta name=\"description\" content=\"Explore TORSA\u2019s success stories across mining, logistics, and renewable energy\u2014demonstrating innovation and efficiency in every project.\" \/>\n<meta name=\"robots\" content=\"index, follow, max-snippet:-1, max-image-preview:large, max-video-preview:-1\" \/>\n<link rel=\"canonical\" href=\"https:\/\/torsaglobal.com\/en\/success-stories\/\" \/>\n<meta property=\"og:locale\" content=\"en_US\" \/>\n<meta property=\"og:type\" content=\"article\" \/>\n<meta property=\"og:title\" content=\"TORSA success stories in mining, logistics, and renewables\" \/>\n<meta property=\"og:description\" content=\"Explore TORSA\u2019s success stories across mining, logistics, and renewable energy\u2014demonstrating innovation and efficiency in every project.\" \/>\n<meta property=\"og:url\" content=\"https:\/\/torsaglobal.com\/en\/success-stories\/\" \/>\n<meta property=\"og:site_name\" content=\"Torsa\" \/>\n<meta property=\"article:modified_time\" content=\"2025-04-29T07:48:32+00:00\" \/>\n<meta property=\"og:image\" content=\"https:\/\/torsaglobal.com\/wp-content\/uploads\/2024\/12\/torsa-renovables.jpg\" \/>\n\t<meta property=\"og:image:width\" content=\"995\" \/>\n\t<meta property=\"og:image:height\" content=\"663\" \/>\n\t<meta property=\"og:image:type\" content=\"image\/jpeg\" \/>\n<meta name=\"twitter:card\" content=\"summary_large_image\" \/>\n<meta name=\"twitter:label1\" content=\"Est. reading time\" \/>\n\t<meta name=\"twitter:data1\" content=\"1 minute\" \/>\n<script type=\"application\/ld+json\" class=\"yoast-schema-graph\">{\"@context\":\"https:\/\/schema.org\",\"@graph\":[{\"@type\":\"WebPage\",\"@id\":\"https:\/\/torsaglobal.com\/en\/success-stories\/\",\"url\":\"https:\/\/torsaglobal.com\/en\/success-stories\/\",\"name\":\"TORSA success stories in mining, logistics, and renewables\",\"isPartOf\":{\"@id\":\"https:\/\/torsaglobal.com\/en\/#website\"},\"primaryImageOfPage\":{\"@id\":\"https:\/\/torsaglobal.com\/en\/success-stories\/#primaryimage\"},\"image\":{\"@id\":\"https:\/\/torsaglobal.com\/en\/success-stories\/#primaryimage\"},\"thumbnailUrl\":\"https:\/\/torsaglobal.com\/wp-content\/uploads\/2024\/12\/torsa-renovables.jpg\",\"datePublished\":\"2025-02-05T11:03:25+00:00\",\"dateModified\":\"2025-04-29T07:48:32+00:00\",\"description\":\"Explore TORSA\u2019s success stories across mining, logistics, and renewable energy\u2014demonstrating innovation and efficiency in every project.\",\"breadcrumb\":{\"@id\":\"https:\/\/torsaglobal.com\/en\/success-stories\/#breadcrumb\"},\"inLanguage\":\"en-US\",\"potentialAction\":[{\"@type\":\"ReadAction\",\"target\":[\"https:\/\/torsaglobal.com\/en\/success-stories\/\"]}]},{\"@type\":\"ImageObject\",\"inLanguage\":\"en-US\",\"@id\":\"https:\/\/torsaglobal.com\/en\/success-stories\/#primaryimage\",\"url\":\"https:\/\/torsaglobal.com\/wp-content\/uploads\/2024\/12\/torsa-renovables.jpg\",\"contentUrl\":\"https:\/\/torsaglobal.com\/wp-content\/uploads\/2024\/12\/torsa-renovables.jpg\"},{\"@type\":\"BreadcrumbList\",\"@id\":\"https:\/\/torsaglobal.com\/en\/success-stories\/#breadcrumb\",\"itemListElement\":[{\"@type\":\"ListItem\",\"position\":1,\"name\":\"Home\",\"item\":\"https:\/\/torsaglobal.com\/en\/\"},{\"@type\":\"ListItem\",\"position\":2,\"name\":\"Success stories\"}]},{\"@type\":\"WebSite\",\"@id\":\"https:\/\/torsaglobal.com\/en\/#website\",\"url\":\"https:\/\/torsaglobal.com\/en\/\",\"name\":\"Torsa\",\"description\":\"Miner\u00eda, log\u00edstica y energ\u00edas renovables\",\"publisher\":{\"@id\":\"https:\/\/torsaglobal.com\/en\/#organization\"},\"potentialAction\":[{\"@type\":\"SearchAction\",\"target\":{\"@type\":\"EntryPoint\",\"urlTemplate\":\"https:\/\/torsaglobal.com\/en\/?s={search_term_string}\"},\"query-input\":{\"@type\":\"PropertyValueSpecification\",\"valueRequired\":true,\"valueName\":\"search_term_string\"}}],\"inLanguage\":\"en-US\"},{\"@type\":\"Organization\",\"@id\":\"https:\/\/torsaglobal.com\/en\/#organization\",\"name\":\"Torsa\",\"url\":\"https:\/\/torsaglobal.com\/en\/\",\"logo\":{\"@type\":\"ImageObject\",\"inLanguage\":\"en-US\",\"@id\":\"https:\/\/torsaglobal.com\/en\/#\/schema\/logo\/image\/\",\"url\":\"https:\/\/torsaglobal.com\/wp-content\/uploads\/2025\/02\/imagen-torsa-696.jpg\",\"contentUrl\":\"https:\/\/torsaglobal.com\/wp-content\/uploads\/2025\/02\/imagen-torsa-696.jpg\",\"width\":696,\"height\":696,\"caption\":\"Torsa\"},\"image\":{\"@id\":\"https:\/\/torsaglobal.com\/en\/#\/schema\/logo\/image\/\"}}]}<\/script>\n<!-- \/ Yoast SEO plugin. -->","yoast_head_json":{"title":"TORSA success stories in mining, logistics, and renewables","description":"Explore TORSA\u2019s success stories across mining, logistics, and renewable energy\u2014demonstrating innovation and efficiency in every project.","robots":{"index":"index","follow":"follow","max-snippet":"max-snippet:-1","max-image-preview":"max-image-preview:large","max-video-preview":"max-video-preview:-1"},"canonical":"https:\/\/torsaglobal.com\/en\/success-stories\/","og_locale":"en_US","og_type":"article","og_title":"TORSA success stories in mining, logistics, and renewables","og_description":"Explore TORSA\u2019s success stories across mining, logistics, and renewable energy\u2014demonstrating innovation and efficiency in every project.","og_url":"https:\/\/torsaglobal.com\/en\/success-stories\/","og_site_name":"Torsa","article_modified_time":"2025-04-29T07:48:32+00:00","og_image":[{"width":995,"height":663,"url":"https:\/\/torsaglobal.com\/wp-content\/uploads\/2024\/12\/torsa-renovables.jpg","type":"image\/jpeg"}],"twitter_card":"summary_large_image","twitter_misc":{"Est. reading time":"1 minute"},"schema":{"@context":"https:\/\/schema.org","@graph":[{"@type":"WebPage","@id":"https:\/\/torsaglobal.com\/en\/success-stories\/","url":"https:\/\/torsaglobal.com\/en\/success-stories\/","name":"TORSA success stories in mining, logistics, and renewables","isPartOf":{"@id":"https:\/\/torsaglobal.com\/en\/#website"},"primaryImageOfPage":{"@id":"https:\/\/torsaglobal.com\/en\/success-stories\/#primaryimage"},"image":{"@id":"https:\/\/torsaglobal.com\/en\/success-stories\/#primaryimage"},"thumbnailUrl":"https:\/\/torsaglobal.com\/wp-content\/uploads\/2024\/12\/torsa-renovables.jpg","datePublished":"2025-02-05T11:03:25+00:00","dateModified":"2025-04-29T07:48:32+00:00","description":"Explore TORSA\u2019s success stories across mining, logistics, and renewable energy\u2014demonstrating innovation and efficiency in every project.","breadcrumb":{"@id":"https:\/\/torsaglobal.com\/en\/success-stories\/#breadcrumb"},"inLanguage":"en-US","potentialAction":[{"@type":"ReadAction","target":["https:\/\/torsaglobal.com\/en\/success-stories\/"]}]},{"@type":"ImageObject","inLanguage":"en-US","@id":"https:\/\/torsaglobal.com\/en\/success-stories\/#primaryimage","url":"https:\/\/torsaglobal.com\/wp-content\/uploads\/2024\/12\/torsa-renovables.jpg","contentUrl":"https:\/\/torsaglobal.com\/wp-content\/uploads\/2024\/12\/torsa-renovables.jpg"},{"@type":"BreadcrumbList","@id":"https:\/\/torsaglobal.com\/en\/success-stories\/#breadcrumb","itemListElement":[{"@type":"ListItem","position":1,"name":"Home","item":"https:\/\/torsaglobal.com\/en\/"},{"@type":"ListItem","position":2,"name":"Success stories"}]},{"@type":"WebSite","@id":"https:\/\/torsaglobal.com\/en\/#website","url":"https:\/\/torsaglobal.com\/en\/","name":"Torsa","description":"Miner\u00eda, log\u00edstica y energ\u00edas renovables","publisher":{"@id":"https:\/\/torsaglobal.com\/en\/#organization"},"potentialAction":[{"@type":"SearchAction","target":{"@type":"EntryPoint","urlTemplate":"https:\/\/torsaglobal.com\/en\/?s={search_term_string}"},"query-input":{"@type":"PropertyValueSpecification","valueRequired":true,"valueName":"search_term_string"}}],"inLanguage":"en-US"},{"@type":"Organization","@id":"https:\/\/torsaglobal.com\/en\/#organization","name":"Torsa","url":"https:\/\/torsaglobal.com\/en\/","logo":{"@type":"ImageObject","inLanguage":"en-US","@id":"https:\/\/torsaglobal.com\/en\/#\/schema\/logo\/image\/","url":"https:\/\/torsaglobal.com\/wp-content\/uploads\/2025\/02\/imagen-torsa-696.jpg","contentUrl":"https:\/\/torsaglobal.com\/wp-content\/uploads\/2025\/02\/imagen-torsa-696.jpg","width":696,"height":696,"caption":"Torsa"},"image":{"@id":"https:\/\/torsaglobal.com\/en\/#\/schema\/logo\/image\/"}}]}},"_links":{"self":[{"href":"https:\/\/torsaglobal.com\/en\/wp-json\/wp\/v2\/pages\/2661","targetHints":{"allow":["GET"]}}],"collection":[{"href":"https:\/\/torsaglobal.com\/en\/wp-json\/wp\/v2\/pages"}],"about":[{"href":"https:\/\/torsaglobal.com\/en\/wp-json\/wp\/v2\/types\/page"}],"author":[{"embeddable":true,"href":"https:\/\/torsaglobal.com\/en\/wp-json\/wp\/v2\/users\/1"}],"replies":[{"embeddable":true,"href":"https:\/\/torsaglobal.com\/en\/wp-json\/wp\/v2\/comments?post=2661"}],"version-history":[{"count":8,"href":"https:\/\/torsaglobal.com\/en\/wp-json\/wp\/v2\/pages\/2661\/revisions"}],"predecessor-version":[{"id":2931,"href":"https:\/\/torsaglobal.com\/en\/wp-json\/wp\/v2\/pages\/2661\/revisions\/2931"}],"wp:attachment":[{"href":"https:\/\/torsaglobal.com\/en\/wp-json\/wp\/v2\/media?parent=2661"}],"curies":[{"name":"wp","href":"https:\/\/api.w.org\/{rel}","templated":true}]}}