{"id":4935,"date":"2026-02-03T11:11:12","date_gmt":"2026-02-03T10:11:12","guid":{"rendered":"https:\/\/torsaglobal.com\/apply\/"},"modified":"2026-02-06T13:08:25","modified_gmt":"2026-02-06T12:08:25","slug":"apply","status":"publish","type":"page","link":"https:\/\/torsaglobal.com\/en\/apply\/","title":{"rendered":"Apply"},"content":{"rendered":"\t\t<div data-elementor-type=\"wp-page\" data-elementor-id=\"4935\" class=\"elementor elementor-4935 elementor-4788\" data-elementor-post-type=\"page\">\n\t\t\t\t<div class=\"elementor-element elementor-element-a77f732 e-flex e-con-boxed e-con e-parent\" data-id=\"a77f732\" data-element_type=\"container\" data-settings=\"{&quot;jet_parallax_layout_list&quot;:[],&quot;background_background&quot;:&quot;classic&quot;}\">\n\t\t\t\t\t<div class=\"e-con-inner\">\n\t\t\t\t<div class=\"elementor-element elementor-element-de04605 elementor-widget elementor-widget-heading\" data-id=\"de04605\" data-element_type=\"widget\" data-widget_type=\"heading.default\">\n\t\t\t\t<div class=\"elementor-widget-container\">\n\t\t\t\t\t<h2 class=\"elementor-heading-title elementor-size-default\">Apply to<\/h2>\t\t\t\t<\/div>\n\t\t\t\t<\/div>\n\t\t\t\t\t<\/div>\n\t\t\t\t<\/div>\n\t\t<div class=\"elementor-element elementor-element-7ab7325 e-flex e-con-boxed e-con e-parent\" data-id=\"7ab7325\" data-element_type=\"container\" data-settings=\"{&quot;jet_parallax_layout_list&quot;:[]}\">\n\t\t\t\t\t<div class=\"e-con-inner\">\n\t\t\t\t<div class=\"elementor-element elementor-element-bfed299 elementor-button-align-center elementor-widget elementor-widget-form\" data-id=\"bfed299\" data-element_type=\"widget\" data-settings=\"{&quot;step_next_label&quot;:&quot;Next&quot;,&quot;step_previous_label&quot;:&quot;Previous&quot;,&quot;button_width&quot;:&quot;100&quot;,&quot;step_type&quot;:&quot;number_text&quot;,&quot;step_icon_shape&quot;:&quot;circle&quot;}\" data-widget_type=\"form.default\">\n\t\t\t\t<div class=\"elementor-widget-container\">\n\t\t\t\t\t\t\t<form class=\"elementor-form\" method=\"post\" name=\"Vacancies form\" aria-label=\"Vacancies form\">\n\t\t\t<input type=\"hidden\" name=\"post_id\" value=\"4935\"\/>\n\t\t\t<input type=\"hidden\" name=\"form_id\" value=\"bfed299\"\/>\n\t\t\t<input type=\"hidden\" name=\"referer_title\" value=\"Torsa\" \/>\n\n\t\t\t\n\t\t\t<div class=\"elementor-form-fields-wrapper elementor-labels-above\">\n\t\t\t\t\t\t\t\t<div class=\"elementor-field-type-text elementor-field-group elementor-column elementor-field-group-name elementor-col-100 elementor-field-required elementor-mark-required\">\n\t\t\t\t\t\t\t\t\t\t\t\t<label for=\"form-field-name\" class=\"elementor-field-label\">\n\t\t\t\t\t\t\t\tFull name\t\t\t\t\t\t\t<\/label>\n\t\t\t\t\t\t\t\t\t\t\t\t\t\t<input size=\"1\" type=\"text\" name=\"form_fields[name]\" id=\"form-field-name\" class=\"elementor-field elementor-size-sm  elementor-field-textual\" required=\"required\">\n\t\t\t\t\t\t\t\t\t\t\t<\/div>\n\t\t\t\t\t\t\t\t<div class=\"elementor-field-type-email elementor-field-group elementor-column elementor-field-group-email elementor-col-100 elementor-field-required elementor-mark-required\">\n\t\t\t\t\t\t\t\t\t\t\t\t<label for=\"form-field-email\" class=\"elementor-field-label\">\n\t\t\t\t\t\t\t\tEmail\t\t\t\t\t\t\t<\/label>\n\t\t\t\t\t\t\t\t\t\t\t\t\t\t<input size=\"1\" type=\"email\" name=\"form_fields[email]\" id=\"form-field-email\" class=\"elementor-field elementor-size-sm  elementor-field-textual\" required=\"required\">\n\t\t\t\t\t\t\t\t\t\t\t<\/div>\n\t\t\t\t\t\t\t\t<div class=\"elementor-field-type-tel elementor-field-group elementor-column elementor-field-group-field_0f3b8b5 elementor-col-100\">\n\t\t\t\t\t\t\t\t\t\t\t\t<label for=\"form-field-field_0f3b8b5\" class=\"elementor-field-label\">\n\t\t\t\t\t\t\t\tTelephone\t\t\t\t\t\t\t<\/label>\n\t\t\t\t\t\t\t\t<input size=\"1\" type=\"tel\" name=\"form_fields[field_0f3b8b5]\" id=\"form-field-field_0f3b8b5\" class=\"elementor-field elementor-size-sm  elementor-field-textual\" pattern=\"[0-9()#&amp;+*-=.]+\" title=\"Only numbers and phone characters (#, -, *, etc) are accepted.\">\n\n\t\t\t\t\t\t<\/div>\n\t\t\t\t\t\t\t\t<div class=\"elementor-field-type-textarea elementor-field-group elementor-column elementor-field-group-message elementor-col-100\">\n\t\t\t\t\t\t\t\t\t\t\t\t<label for=\"form-field-message\" class=\"elementor-field-label\">\n\t\t\t\t\t\t\t\tMessage\t\t\t\t\t\t\t<\/label>\n\t\t\t\t\t\t<textarea class=\"elementor-field-textual elementor-field  elementor-size-sm\" name=\"form_fields[message]\" id=\"form-field-message\" rows=\"4\"><\/textarea>\t\t\t\t<\/div>\n\t\t\t\t\t\t\t\t<div class=\"elementor-field-type-upload elementor-field-group elementor-column elementor-field-group-field_b916da4 elementor-col-100 elementor-field-required elementor-mark-required\">\n\t\t\t\t\t\t\t\t\t\t\t\t<label for=\"form-field-field_b916da4\" class=\"elementor-field-label\">\n\t\t\t\t\t\t\t\tAttach CV\t\t\t\t\t\t\t<\/label>\n\t\t\t\t\t\t\t\t<input type=\"file\" name=\"form_fields[field_b916da4]\" id=\"form-field-field_b916da4\" class=\"elementor-field elementor-size-sm  elementor-upload-field\" required=\"required\">\n\n\t\t\t\t\t\t<\/div>\n\t\t\t\t\t\t\t\t<div class=\"elementor-field-type-hidden elementor-field-group elementor-column elementor-field-group-vacancy elementor-col-100\">\n\t\t\t\t\t\t\t\t\t\t\t\t\t<input size=\"1\" type=\"hidden\" name=\"form_fields[vacancy]\" id=\"form-field-vacancy\" class=\"elementor-field elementor-size-sm  elementor-field-textual\">\n\t\t\t\t\t\t\t\t\t\t\t<\/div>\n\t\t\t\t\t\t\t\t<div class=\"elementor-field-type-recaptcha_v3 elementor-field-group elementor-column elementor-field-group-field_79733f0 elementor-col-100 recaptcha_v3-inline\">\n\t\t\t\t\t<div class=\"elementor-field\" id=\"form-field-field_79733f0\"><div class=\"elementor-g-recaptcha\" data-sitekey=\"6LeLTeEqAAAAAFAvXEHxFeNeBDSF11-BeYydKnrt\" data-type=\"v3\" data-action=\"Form\" data-badge=\"inline\" data-size=\"invisible\"><\/div><\/div>\t\t\t\t<\/div>\n\t\t\t\t\t\t\t\t<div class=\"elementor-field-group elementor-column elementor-field-type-submit elementor-col-100 e-form__buttons\">\n\t\t\t\t\t<button class=\"elementor-button elementor-size-sm\" type=\"submit\">\n\t\t\t\t\t\t<span class=\"elementor-button-content-wrapper\">\n\t\t\t\t\t\t\t\t\t\t\t\t\t\t\t\t\t\t\t\t\t\t<span class=\"elementor-button-text\">Send<\/span>\n\t\t\t\t\t\t\t\t\t\t\t\t\t<\/span>\n\t\t\t\t\t<\/button>\n\t\t\t\t<\/div>\n\t\t\t<\/div>\n\t\t<\/form>\n\t\t\t\t\t\t<\/div>\n\t\t\t\t<\/div>\n\t\t\t\t\t<\/div>\n\t\t\t\t<\/div>\n\t\t\t\t<\/div>\n\t\t","protected":false},"excerpt":{"rendered":"<p>Apply to<\/p>\n","protected":false},"author":2,"featured_media":0,"parent":0,"menu_order":0,"comment_status":"closed","ping_status":"closed","template":"","meta":{"footnotes":""},"class_list":["post-4935","page","type-page","status-publish","hentry"],"yoast_head":"<!-- This site is optimized with the Yoast SEO plugin v26.7 - https:\/\/yoast.com\/wordpress\/plugins\/seo\/ -->\n<title>Apply - Torsa<\/title>\n<meta name=\"robots\" content=\"index, follow, max-snippet:-1, max-image-preview:large, max-video-preview:-1\" \/>\n<link rel=\"canonical\" href=\"https:\/\/torsaglobal.com\/en\/apply\/\" \/>\n<meta property=\"og:locale\" content=\"en_US\" \/>\n<meta property=\"og:type\" content=\"article\" \/>\n<meta property=\"og:title\" content=\"Apply - Torsa\" \/>\n<meta property=\"og:description\" content=\"Apply to\" \/>\n<meta property=\"og:url\" content=\"https:\/\/torsaglobal.com\/en\/apply\/\" \/>\n<meta property=\"og:site_name\" content=\"Torsa\" \/>\n<meta property=\"article:modified_time\" content=\"2026-02-06T12:08:25+00:00\" \/>\n<meta property=\"og:image\" content=\"https:\/\/torsaglobal.com\/wp-content\/uploads\/2025\/02\/imagen-torsa-1200.jpg\" \/>\n\t<meta property=\"og:image:width\" content=\"1200\" \/>\n\t<meta property=\"og:image:height\" content=\"675\" \/>\n\t<meta property=\"og:image:type\" content=\"image\/jpeg\" \/>\n<meta name=\"twitter:card\" content=\"summary_large_image\" \/>\n<meta name=\"twitter:label1\" content=\"Est. reading time\" \/>\n\t<meta name=\"twitter:data1\" content=\"1 minute\" \/>\n<script type=\"application\/ld+json\" class=\"yoast-schema-graph\">{\"@context\":\"https:\/\/schema.org\",\"@graph\":[{\"@type\":\"WebPage\",\"@id\":\"https:\/\/torsaglobal.com\/en\/apply\/\",\"url\":\"https:\/\/torsaglobal.com\/en\/apply\/\",\"name\":\"Apply - Torsa\",\"isPartOf\":{\"@id\":\"https:\/\/torsaglobal.com\/en\/#website\"},\"datePublished\":\"2026-02-03T10:11:12+00:00\",\"dateModified\":\"2026-02-06T12:08:25+00:00\",\"breadcrumb\":{\"@id\":\"https:\/\/torsaglobal.com\/en\/apply\/#breadcrumb\"},\"inLanguage\":\"en-US\",\"potentialAction\":[{\"@type\":\"ReadAction\",\"target\":[\"https:\/\/torsaglobal.com\/en\/apply\/\"]}]},{\"@type\":\"BreadcrumbList\",\"@id\":\"https:\/\/torsaglobal.com\/en\/apply\/#breadcrumb\",\"itemListElement\":[{\"@type\":\"ListItem\",\"position\":1,\"name\":\"Home\",\"item\":\"https:\/\/torsaglobal.com\/en\/\"},{\"@type\":\"ListItem\",\"position\":2,\"name\":\"Apply\"}]},{\"@type\":\"WebSite\",\"@id\":\"https:\/\/torsaglobal.com\/en\/#website\",\"url\":\"https:\/\/torsaglobal.com\/en\/\",\"name\":\"Torsa\",\"description\":\"Miner\u00eda, log\u00edstica y energ\u00edas renovables\",\"publisher\":{\"@id\":\"https:\/\/torsaglobal.com\/en\/#organization\"},\"potentialAction\":[{\"@type\":\"SearchAction\",\"target\":{\"@type\":\"EntryPoint\",\"urlTemplate\":\"https:\/\/torsaglobal.com\/en\/?s={search_term_string}\"},\"query-input\":{\"@type\":\"PropertyValueSpecification\",\"valueRequired\":true,\"valueName\":\"search_term_string\"}}],\"inLanguage\":\"en-US\"},{\"@type\":\"Organization\",\"@id\":\"https:\/\/torsaglobal.com\/en\/#organization\",\"name\":\"Torsa\",\"url\":\"https:\/\/torsaglobal.com\/en\/\",\"logo\":{\"@type\":\"ImageObject\",\"inLanguage\":\"en-US\",\"@id\":\"https:\/\/torsaglobal.com\/en\/#\/schema\/logo\/image\/\",\"url\":\"https:\/\/torsaglobal.com\/wp-content\/uploads\/2025\/02\/imagen-torsa-696.jpg\",\"contentUrl\":\"https:\/\/torsaglobal.com\/wp-content\/uploads\/2025\/02\/imagen-torsa-696.jpg\",\"width\":696,\"height\":696,\"caption\":\"Torsa\"},\"image\":{\"@id\":\"https:\/\/torsaglobal.com\/en\/#\/schema\/logo\/image\/\"}}]}<\/script>\n<!-- \/ Yoast SEO plugin. -->","yoast_head_json":{"title":"Apply - Torsa","robots":{"index":"index","follow":"follow","max-snippet":"max-snippet:-1","max-image-preview":"max-image-preview:large","max-video-preview":"max-video-preview:-1"},"canonical":"https:\/\/torsaglobal.com\/en\/apply\/","og_locale":"en_US","og_type":"article","og_title":"Apply - Torsa","og_description":"Apply to","og_url":"https:\/\/torsaglobal.com\/en\/apply\/","og_site_name":"Torsa","article_modified_time":"2026-02-06T12:08:25+00:00","og_image":[{"width":1200,"height":675,"url":"https:\/\/torsaglobal.com\/wp-content\/uploads\/2025\/02\/imagen-torsa-1200.jpg","type":"image\/jpeg"}],"twitter_card":"summary_large_image","twitter_misc":{"Est. reading time":"1 minute"},"schema":{"@context":"https:\/\/schema.org","@graph":[{"@type":"WebPage","@id":"https:\/\/torsaglobal.com\/en\/apply\/","url":"https:\/\/torsaglobal.com\/en\/apply\/","name":"Apply - Torsa","isPartOf":{"@id":"https:\/\/torsaglobal.com\/en\/#website"},"datePublished":"2026-02-03T10:11:12+00:00","dateModified":"2026-02-06T12:08:25+00:00","breadcrumb":{"@id":"https:\/\/torsaglobal.com\/en\/apply\/#breadcrumb"},"inLanguage":"en-US","potentialAction":[{"@type":"ReadAction","target":["https:\/\/torsaglobal.com\/en\/apply\/"]}]},{"@type":"BreadcrumbList","@id":"https:\/\/torsaglobal.com\/en\/apply\/#breadcrumb","itemListElement":[{"@type":"ListItem","position":1,"name":"Home","item":"https:\/\/torsaglobal.com\/en\/"},{"@type":"ListItem","position":2,"name":"Apply"}]},{"@type":"WebSite","@id":"https:\/\/torsaglobal.com\/en\/#website","url":"https:\/\/torsaglobal.com\/en\/","name":"Torsa","description":"Miner\u00eda, log\u00edstica y energ\u00edas renovables","publisher":{"@id":"https:\/\/torsaglobal.com\/en\/#organization"},"potentialAction":[{"@type":"SearchAction","target":{"@type":"EntryPoint","urlTemplate":"https:\/\/torsaglobal.com\/en\/?s={search_term_string}"},"query-input":{"@type":"PropertyValueSpecification","valueRequired":true,"valueName":"search_term_string"}}],"inLanguage":"en-US"},{"@type":"Organization","@id":"https:\/\/torsaglobal.com\/en\/#organization","name":"Torsa","url":"https:\/\/torsaglobal.com\/en\/","logo":{"@type":"ImageObject","inLanguage":"en-US","@id":"https:\/\/torsaglobal.com\/en\/#\/schema\/logo\/image\/","url":"https:\/\/torsaglobal.com\/wp-content\/uploads\/2025\/02\/imagen-torsa-696.jpg","contentUrl":"https:\/\/torsaglobal.com\/wp-content\/uploads\/2025\/02\/imagen-torsa-696.jpg","width":696,"height":696,"caption":"Torsa"},"image":{"@id":"https:\/\/torsaglobal.com\/en\/#\/schema\/logo\/image\/"}}]}},"_links":{"self":[{"href":"https:\/\/torsaglobal.com\/en\/wp-json\/wp\/v2\/pages\/4935","targetHints":{"allow":["GET"]}}],"collection":[{"href":"https:\/\/torsaglobal.com\/en\/wp-json\/wp\/v2\/pages"}],"about":[{"href":"https:\/\/torsaglobal.com\/en\/wp-json\/wp\/v2\/types\/page"}],"author":[{"embeddable":true,"href":"https:\/\/torsaglobal.com\/en\/wp-json\/wp\/v2\/users\/2"}],"replies":[{"embeddable":true,"href":"https:\/\/torsaglobal.com\/en\/wp-json\/wp\/v2\/comments?post=4935"}],"version-history":[{"count":28,"href":"https:\/\/torsaglobal.com\/en\/wp-json\/wp\/v2\/pages\/4935\/revisions"}],"predecessor-version":[{"id":5006,"href":"https:\/\/torsaglobal.com\/en\/wp-json\/wp\/v2\/pages\/4935\/revisions\/5006"}],"wp:attachment":[{"href":"https:\/\/torsaglobal.com\/en\/wp-json\/wp\/v2\/media?parent=4935"}],"curies":[{"name":"wp","href":"https:\/\/api.w.org\/{rel}","templated":true}]}}